{"id":30390,"date":"2025-11-10T14:01:01","date_gmt":"2025-11-10T13:01:01","guid":{"rendered":"https:\/\/dzappart.app\/?page_id=30390"},"modified":"2025-12-18T12:23:14","modified_gmt":"2025-12-18T11:23:14","slug":"politique-de-confidentialite","status":"publish","type":"page","link":"https:\/\/dzappart.app\/ar\/politique-de-confidentialite\/","title":{"rendered":"\u0633\u064a\u0627\u0633\u0629 \u0627\u0644\u062e\u0635\u0648\u0635\u064a\u0629"},"content":{"rendered":"<div data-elementor-type=\"wp-page\" data-elementor-id=\"30390\" class=\"elementor elementor-30390\">\n\t\t\t\t<div class=\"wd-negative-gap elementor-element elementor-element-1c90c3f wd-section-stretch e-flex e-con-boxed e-con e-parent\" data-id=\"1c90c3f\" data-element_type=\"container\" data-settings=\"{&quot;background_background&quot;:&quot;classic&quot;}\">\n\t\t\t\t\t<div class=\"e-con-inner\">\n\t\t\t\t<div class=\"elementor-element elementor-element-5d57672 elementor-widget__width-initial elementor-widget-tablet__width-inherit wd-width-100 elementor-widget elementor-widget-wd_title\" data-id=\"5d57672\" data-element_type=\"widget\" data-widget_type=\"wd_title.default\">\n\t\t\t\t<div class=\"elementor-widget-container\">\n\t\t\t\t\t\t\t<div class=\"title-wrapper wd-set-mb reset-last-child wd-title-color-primary wd-title-style-default wd-title-size-large text-center\">\n\n\t\t\t\n\t\t\t<div class=\"liner-continer\">\n\t\t\t\t<h1 class=\"woodmart-title-container title wd-fontsize-xxl\">\u0633\u064a\u0627\u0633\u0629 \u0627\u0644\u062e\u0635\u0648\u0635\u064a\u0629<\/h1> \n\t\t\t\t\t\t\t<\/div>\n\n\t\t\t\t\t<\/div>\n\t\t\t\t\t\t<\/div>\n\t\t\t\t<\/div>\n\t\t\t\t\t<\/div>\n\t\t\t\t<\/div>\n\t\t<div class=\"wd-negative-gap elementor-element elementor-element-7c7c544 wd-section-stretch e-flex e-con-boxed e-con e-parent\" data-id=\"7c7c544\" data-element_type=\"container\">\n\t\t\t\t\t<div class=\"e-con-inner\">\n\t\t<div class=\"elementor-element elementor-element-97d6084 e-con-full e-flex e-con e-child\" data-id=\"97d6084\" data-element_type=\"container\">\n\t\t\t\t<div class=\"elementor-element elementor-element-f3276bc elementor-widget elementor-widget-html\" data-id=\"f3276bc\" data-element_type=\"widget\" data-widget_type=\"html.default\">\n\t\t\t\t\t\t\t\t<link rel=\"stylesheet\" id=\"elementor-post-30380-css\" href=\"https:\/\/dzappart.app\/wp-content\/uploads\/elementor\/css\/post-30380.css?ver=1776886378\" type=\"text\/css\" media=\"all\">\n\t\t\t\t\t<div data-elementor-type=\"wp-post\" data-elementor-id=\"30380\" class=\"elementor elementor-30380\">\n\t\t\t\t<div class=\"wd-negative-gap elementor-element elementor-element-cbb987a e-flex e-con-boxed e-con e-parent\" data-id=\"cbb987a\" data-element_type=\"container\">\n\t\t\t\t\t<div class=\"e-con-inner\">\n\t\t<div class=\"elementor-element elementor-element-4f46755 e-con-full e-flex e-con e-child\" data-id=\"4f46755\" data-element_type=\"container\">\n\t\t\t\t<div class=\"elementor-element elementor-element-cfe2c15 elementor-widget elementor-widget-wd_text_block\" data-id=\"cfe2c15\" data-element_type=\"widget\" data-widget_type=\"wd_text_block.default\">\n\t\t\t\t<div class=\"elementor-widget-container\">\n\t\t\t\t\t\t\t<div class=\"wd-text-block reset-last-child text-left\">\n\t\t\t\n\t\t\t<p data-start=\"201\" data-end=\"241\"><strong data-start=\"204\" data-end=\"241\">Derni\u00e8re mise \u00e0 jour : 18\/12\/2025<\/strong><\/p><p data-start=\"250\" data-end=\"548\">La pr\u00e9sente <strong data-start=\"262\" data-end=\"294\">Politique de Confidentialit\u00e9<\/strong> d\u00e9crit comment Dz Appart (\u00ab nous \u00bb, \u00ab notre \u00bb ou \u00ab nos \u00bb) collecte, utilise, partage et prot\u00e8ge les informations personnelles des utilisateurs (\u00ab vous \u00bb ou \u00ab vos \u00bb) de notre application mobile et de notre site web <a class=\"decorated-link\" href=\"https:\/\/dzappart.com\" target=\"_new\" rel=\"noopener\" data-start=\"509\" data-end=\"547\">dzappart.com<\/a><\/p><h3 data-start=\"250\" data-end=\"548\"><strong data-start=\"559\" data-end=\"598\">1. Informations que nous collectons<\/strong><\/h3><p data-start=\"600\" data-end=\"646\">Nous collectons les informations suivantes :<\/p><ul data-start=\"648\" data-end=\"1094\"><li data-start=\"648\" data-end=\"735\"><p data-start=\"650\" data-end=\"735\"><strong data-start=\"650\" data-end=\"681\">Informations personnelles :<\/strong> nom, pr\u00e9nom, num\u00e9ro de t\u00e9l\u00e9phone et adresse e-mail.<\/p><\/li><li data-start=\"736\" data-end=\"849\"><p data-start=\"738\" data-end=\"849\"><strong data-start=\"738\" data-end=\"772\">Informations sur le logement :<\/strong> d\u00e9tails li\u00e9s aux r\u00e9servations, dates de s\u00e9jour et pr\u00e9f\u00e9rences de logement.<\/p><\/li><li data-start=\"850\" data-end=\"1094\"><p data-start=\"852\" data-end=\"1094\"><strong data-start=\"852\" data-end=\"879\">Donn\u00e9es d\u2019utilisation :<\/strong> informations sur la mani\u00e8re dont vous utilisez notre application et notre site web, collect\u00e9es via des outils d'analyse tels que Google Analytics. Ces donn\u00e9es sont anonymis\u00e9es et ne sont pas li\u00e9es \u00e0 votre identit\u00e9.<\/p><\/li><\/ul><h3 data-start=\"1101\" data-end=\"1140\"><strong data-start=\"1105\" data-end=\"1140\">2. Utilisation des informations<\/strong><\/h3><p data-start=\"1142\" data-end=\"1182\">Nous utilisons vos informations pour :<\/p><ul data-start=\"1184\" data-end=\"1527\"><li data-start=\"1184\" data-end=\"1250\"><p data-start=\"1186\" data-end=\"1250\">Fournir et am\u00e9liorer nos services de r\u00e9servation de logements.<\/p><\/li><li data-start=\"1251\" data-end=\"1304\"><p data-start=\"1253\" data-end=\"1304\">G\u00e9rer vos demandes de r\u00e9servation et vos s\u00e9jours.<\/p><\/li><li data-start=\"1305\" data-end=\"1417\"><p data-start=\"1307\" data-end=\"1417\">Communiquer avec vous concernant vos r\u00e9servations ou pour des informations importantes li\u00e9es \u00e0 nos services.<\/p><\/li><li data-start=\"1418\" data-end=\"1527\"><p data-start=\"1420\" data-end=\"1527\">Analyser l'utilisation de notre application et de notre site web afin d'am\u00e9liorer l'exp\u00e9rience utilisateur.<\/p><\/li><\/ul><h3 data-start=\"1534\" data-end=\"1569\"><strong data-start=\"1538\" data-end=\"1569\">3. Partage des informations<\/strong><\/h3><p data-start=\"1571\" data-end=\"1670\">Nous ne partageons pas vos informations personnelles avec des tiers, sauf dans les cas suivants :<\/p><ul data-start=\"1672\" data-end=\"2002\"><li data-start=\"1672\" data-end=\"1800\"><p data-start=\"1674\" data-end=\"1800\">Avec des <strong data-start=\"1683\" data-end=\"1711\">prestataires de services<\/strong> qui nous assistent dans la fourniture de nos services, tels que les h\u00f4tes partenaires.<\/p><\/li><li data-start=\"1801\" data-end=\"1941\"><p data-start=\"1803\" data-end=\"1941\">Avec des outils d'analyse comme <strong data-start=\"1835\" data-end=\"1855\">Google Analytics<\/strong>, pour le suivi et l\u2019am\u00e9lioration de l\u2019exp\u00e9rience utilisateur (donn\u00e9es anonymis\u00e9es).<\/p><\/li><li data-start=\"1942\" data-end=\"2002\"><p data-start=\"1944\" data-end=\"2002\">Lorsque la loi l'exige ou pour prot\u00e9ger nos droits l\u00e9gaux.<\/p><\/li><\/ul><h3 data-start=\"2009\" data-end=\"2040\"><strong data-start=\"2013\" data-end=\"2040\">4. S\u00e9curit\u00e9 des donn\u00e9es<\/strong><\/h3><p data-start=\"2042\" data-end=\"2248\">Nous mettons en \u0153uvre des mesures de s\u00e9curit\u00e9 techniques et organisationnelles appropri\u00e9es pour prot\u00e9ger vos informations personnelles contre tout acc\u00e8s non autoris\u00e9, divulgation, alt\u00e9ration ou destruction.<\/p><h3 data-start=\"2255\" data-end=\"2276\"><strong data-start=\"2259\" data-end=\"2276\">5. Vos droits<\/strong><\/h3><p data-start=\"2278\" data-end=\"2398\">Conform\u00e9ment \u00e0 la l\u00e9gislation en vigueur, vous disposez des droits suivants concernant vos informations personnelles :<\/p><ul data-start=\"2400\" data-end=\"2703\"><li data-start=\"2400\" data-end=\"2439\"><p data-start=\"2402\" data-end=\"2439\">Acc\u00e9der \u00e0 vos donn\u00e9es personnelles.<\/p><\/li><li data-start=\"2440\" data-end=\"2506\"><p data-start=\"2442\" data-end=\"2506\">Demander la rectification de donn\u00e9es inexactes ou incompl\u00e8tes.<\/p><\/li><li data-start=\"2507\" data-end=\"2617\"><p data-start=\"2509\" data-end=\"2617\">Demander la suppression de vos donn\u00e9es personnelles, sous r\u00e9serve des obligations l\u00e9gales de conservation.<\/p><\/li><li data-start=\"2618\" data-end=\"2703\"><p data-start=\"2620\" data-end=\"2703\">Vous opposer au traitement de vos donn\u00e9es personnelles pour des motifs l\u00e9gitimes.<\/p><\/li><\/ul><p data-start=\"2705\" data-end=\"2782\">Pour exercer ces droits, veuillez nous contacter \u00e0 : <strong data-start=\"2758\" data-end=\"2782\"><a class=\"decorated-link cursor-pointer\" rel=\"noopener\" data-start=\"2760\" data-end=\"2780\">contact@dzappart.com<\/a><\/strong><\/p><h3 data-start=\"2789\" data-end=\"2848\"><strong data-start=\"2793\" data-end=\"2848\">6. Modifications de la Politique de Confidentialit\u00e9<\/strong><\/h3><p data-start=\"2850\" data-end=\"3017\">Nous pouvons mettre \u00e0 jour cette Politique de Confidentialit\u00e9 de temps \u00e0 autre. Toute modification sera publi\u00e9e sur cette page avec la date de la derni\u00e8re mise \u00e0 jour.<\/p><h3 data-start=\"3024\" data-end=\"3042\"><strong data-start=\"3028\" data-end=\"3042\">7. Contact<\/strong><\/h3><p data-start=\"3044\" data-end=\"3173\">Si vous avez des questions concernant cette Politique de Confidentialit\u00e9, veuillez nous contacter :<br data-start=\"3143\" data-end=\"3146\" \/>\ud83d\udce7 <strong data-start=\"3149\" data-end=\"3173\"><a class=\"decorated-link cursor-pointer\" rel=\"noopener\" data-start=\"3151\" data-end=\"3171\">contact@dzappart.com<\/a><\/strong><\/p>\n\t\t\t\t\t<\/div>\n\t\t\t\t\t\t<\/div>\n\t\t\t\t<\/div>\n\t\t\t\t<\/div>\n\t\t\t\t\t<\/div>\n\t\t\t\t<\/div>\n\t\t\t\t<\/div>\n\t\t\t\t\t\t<\/div>\n\t\t\t\t<\/div>\n\t\t\t\t\t<\/div>\n\t\t\t\t<\/div>\n\t\t\t\t<\/div>","protected":false},"excerpt":{"rendered":"<p>\u0633\u064a\u0627\u0633\u0629 \u0627\u0644\u062e\u0635\u0648\u0635\u064a\u0629<\/p>","protected":false},"author":1,"featured_media":0,"parent":0,"menu_order":0,"comment_status":"closed","ping_status":"closed","template":"","meta":{"om_disable_all_campaigns":false,"_monsterinsights_skip_tracking":false,"_monsterinsights_sitenote_active":false,"_monsterinsights_sitenote_note":"","_monsterinsights_sitenote_category":0,"footnotes":""},"class_list":["post-30390","page","type-page","status-publish","hentry"],"aioseo_notices":[],"_links":{"self":[{"href":"https:\/\/dzappart.app\/ar\/wp-json\/wp\/v2\/pages\/30390","targetHints":{"allow":["GET"]}}],"collection":[{"href":"https:\/\/dzappart.app\/ar\/wp-json\/wp\/v2\/pages"}],"about":[{"href":"https:\/\/dzappart.app\/ar\/wp-json\/wp\/v2\/types\/page"}],"author":[{"embeddable":true,"href":"https:\/\/dzappart.app\/ar\/wp-json\/wp\/v2\/users\/1"}],"replies":[{"embeddable":true,"href":"https:\/\/dzappart.app\/ar\/wp-json\/wp\/v2\/comments?post=30390"}],"version-history":[{"count":7,"href":"https:\/\/dzappart.app\/ar\/wp-json\/wp\/v2\/pages\/30390\/revisions"}],"predecessor-version":[{"id":30810,"href":"https:\/\/dzappart.app\/ar\/wp-json\/wp\/v2\/pages\/30390\/revisions\/30810"}],"wp:attachment":[{"href":"https:\/\/dzappart.app\/ar\/wp-json\/wp\/v2\/media?parent=30390"}],"curies":[{"name":"wp","href":"https:\/\/api.w.org\/{rel}","templated":true}]}}